{"id":316,"date":"2025-06-20T14:38:10","date_gmt":"2025-06-20T14:38:10","guid":{"rendered":"https:\/\/fonda-cewoba.com\/?page_id=316"},"modified":"2025-07-01T15:00:33","modified_gmt":"2025-07-01T15:00:33","slug":"pourquoi-nous-rejoindre","status":"publish","type":"page","link":"https:\/\/fonda-cewoba.com\/ru\/pourquoi-nous-rejoindre\/","title":{"rendered":"\u041f\u043e\u0447\u0435\u043c\u0443 \u043f\u0440\u0438\u0441\u043e\u0435\u0434\u0438\u043d\u0438\u0442\u044c\u0441\u044f \u043a \u043d\u0430\u043c?"},"content":{"rendered":"<p>\u041f\u0440\u0438\u0441\u043e\u0435\u0434\u0438\u043d\u0438\u0432\u0448\u0438\u0441\u044c \u043a \u0413\u0432\u0438\u043d\u0435\u0439\u0441\u043a\u043e-\u0420\u043e\u0441\u0441\u0438\u0439\u0441\u043a\u043e\u043c\u0443 \u0444\u043e\u043d\u0434\u0443 CEWOBA, \u0432\u044b \u0441\u0442\u0430\u043d\u043e\u0432\u0438\u0442\u0435\u0441\u044c \u0443\u0447\u0430\u0441\u0442\u043d\u0438\u043a\u043e\u043c \u043f\u0435\u0440\u0435\u043c\u0435\u043d, \u0441\u043f\u043e\u0441\u043e\u0431\u0441\u0442\u0432\u0443\u044f \u043b\u0443\u0447\u0448\u0435\u043c\u0443 \u0431\u0443\u0434\u0443\u0449\u0435\u043c\u0443 \u0434\u043b\u044f \u0413\u0432\u0438\u043d\u0435\u0438 \u0438 \u0435\u0451 \u043c\u043e\u043b\u043e\u0434\u044b\u0445 \u043f\u043e\u043a\u043e\u043b\u0435\u043d\u0438\u0439. \u041c\u044b \u043f\u0440\u0435\u0434\u043b\u0430\u0433\u0430\u0435\u043c \u0432\u043e\u0437\u043c\u043e\u0436\u043d\u043e\u0441\u0442\u0438 \u0438\u043d\u0432\u0435\u0441\u0442\u0438\u0440\u043e\u0432\u0430\u043d\u0438\u044f \u0432 \u0438\u043d\u043d\u043e\u0432\u0430\u0446\u0438\u043e\u043d\u043d\u044b\u0435 \u0438 \u0432\u044b\u0441\u043e\u043a\u043e\u044d\u0444\u0444\u0435\u043a\u0442\u0438\u0432\u043d\u044b\u0435 \u043f\u0440\u043e\u0435\u043a\u0442\u044b, \u043e\u0434\u043d\u043e\u0432\u0440\u0435\u043c\u0435\u043d\u043d\u043e \u043f\u0440\u043e\u0434\u0432\u0438\u0433\u0430\u044f \u0446\u0435\u043d\u043d\u043e\u0441\u0442\u0438 \u0441\u043e\u043b\u0438\u0434\u0430\u0440\u043d\u043e\u0441\u0442\u0438, \u043c\u0435\u0436\u0434\u0443\u043d\u0430\u0440\u043e\u0434\u043d\u043e\u0433\u043e \u0441\u043e\u0442\u0440\u0443\u0434\u043d\u0438\u0447\u0435\u0441\u0442\u0432\u0430 \u0438 \u0443\u0441\u0442\u043e\u0439\u0447\u0438\u0432\u043e\u0433\u043e \u0440\u0430\u0437\u0432\u0438\u0442\u0438\u044f.<\/p>\n\n\n\n<figure class=\"wp-block-image size-large\"><img fetchpriority=\"high\" decoding=\"async\" width=\"1024\" height=\"768\" src=\"https:\/\/fonda-cewoba.com\/wp-content\/uploads\/2025\/05\/IMG-20240911-WA0018-1024x768.jpg\" alt=\"\" class=\"wp-image-54\" srcset=\"https:\/\/fonda-cewoba.com\/wp-content\/uploads\/2025\/05\/IMG-20240911-WA0018-1024x768.jpg 1024w, https:\/\/fonda-cewoba.com\/wp-content\/uploads\/2025\/05\/IMG-20240911-WA0018-300x225.jpg 300w, https:\/\/fonda-cewoba.com\/wp-content\/uploads\/2025\/05\/IMG-20240911-WA0018-768x576.jpg 768w, https:\/\/fonda-cewoba.com\/wp-content\/uploads\/2025\/05\/IMG-20240911-WA0018.jpg 1280w\" sizes=\"(max-width: 1024px) 100vw, 1024px\" \/><\/figure>\n\n\n\n<p><\/p>","protected":false},"excerpt":{"rendered":"<p>En rejoignant la fondation CEWOBA guin\u00e9e-russe, vous devenez un acteur du changement, contribuant \u00e0 un avenir meilleur pour la guin\u00e9e [&hellip;]<\/p>","protected":false},"author":1,"featured_media":0,"parent":0,"menu_order":0,"comment_status":"closed","ping_status":"closed","template":"","meta":{"site-sidebar-layout":"default","site-content-layout":"","ast-site-content-layout":"","site-content-style":"default","site-sidebar-style":"default","ast-global-header-display":"","ast-banner-title-visibility":"","ast-main-header-display":"","ast-hfb-above-header-display":"","ast-hfb-below-header-display":"","ast-hfb-mobile-header-display":"","site-post-title":"","ast-breadcrumbs-content":"","ast-featured-img":"","footer-sml-layout":"","theme-transparent-header-meta":"","adv-header-id-meta":"","stick-header-meta":"","header-above-stick-meta":"","header-main-stick-meta":"","header-below-stick-meta":"","astra-migrate-meta-layouts":"default","ast-page-background-enabled":"default","ast-page-background-meta":{"desktop":{"background-color":"var(--ast-global-color-5)","background-image":"","background-repeat":"repeat","background-position":"center center","background-size":"auto","background-attachment":"scroll","background-type":"","background-media":"","overlay-type":"","overlay-color":"","overlay-opacity":"","overlay-gradient":""},"tablet":{"background-color":"","background-image":"","background-repeat":"repeat","background-position":"center center","background-size":"auto","background-attachment":"scroll","background-type":"","background-media":"","overlay-type":"","overlay-color":"","overlay-opacity":"","overlay-gradient":""},"mobile":{"background-color":"","background-image":"","background-repeat":"repeat","background-position":"center center","background-size":"auto","background-attachment":"scroll","background-type":"","background-media":"","overlay-type":"","overlay-color":"","overlay-opacity":"","overlay-gradient":""}},"ast-content-background-meta":{"desktop":{"background-color":"var(--ast-global-color-4)","background-image":"","background-repeat":"repeat","background-position":"center center","background-size":"auto","background-attachment":"scroll","background-type":"","background-media":"","overlay-type":"","overlay-color":"","overlay-opacity":"","overlay-gradient":""},"tablet":{"background-color":"var(--ast-global-color-4)","background-image":"","background-repeat":"repeat","background-position":"center center","background-size":"auto","background-attachment":"scroll","background-type":"","background-media":"","overlay-type":"","overlay-color":"","overlay-opacity":"","overlay-gradient":""},"mobile":{"background-color":"var(--ast-global-color-4)","background-image":"","background-repeat":"repeat","background-position":"center center","background-size":"auto","background-attachment":"scroll","background-type":"","background-media":"","overlay-type":"","overlay-color":"","overlay-opacity":"","overlay-gradient":""}},"footnotes":""},"class_list":["post-316","page","type-page","status-publish","hentry"],"_links":{"self":[{"href":"https:\/\/fonda-cewoba.com\/ru\/wp-json\/wp\/v2\/pages\/316","targetHints":{"allow":["GET"]}}],"collection":[{"href":"https:\/\/fonda-cewoba.com\/ru\/wp-json\/wp\/v2\/pages"}],"about":[{"href":"https:\/\/fonda-cewoba.com\/ru\/wp-json\/wp\/v2\/types\/page"}],"author":[{"embeddable":true,"href":"https:\/\/fonda-cewoba.com\/ru\/wp-json\/wp\/v2\/users\/1"}],"replies":[{"embeddable":true,"href":"https:\/\/fonda-cewoba.com\/ru\/wp-json\/wp\/v2\/comments?post=316"}],"version-history":[{"count":0,"href":"https:\/\/fonda-cewoba.com\/ru\/wp-json\/wp\/v2\/pages\/316\/revisions"}],"wp:attachment":[{"href":"https:\/\/fonda-cewoba.com\/ru\/wp-json\/wp\/v2\/media?parent=316"}],"curies":[{"name":"wp","href":"https:\/\/api.w.org\/{rel}","templated":true}]}}