{"id":16,"date":"2025-05-23T14:34:45","date_gmt":"2025-05-23T12:34:45","guid":{"rendered":"https:\/\/fonda-cewoba.com\/?page_id=16"},"modified":"2025-06-23T10:47:08","modified_gmt":"2025-06-23T10:47:08","slug":"actualites-blog","status":"publish","type":"page","link":"https:\/\/fonda-cewoba.com\/ru\/actualites-blog\/","title":{"rendered":"\u041d\u043e\u0432\u043e\u0441\u0442\u0438 \/ \u0411\u043b\u043e\u0433"},"content":{"rendered":"<div data-elementor-type=\"wp-page\" data-elementor-id=\"16\" class=\"elementor elementor-16\">\n\t\t\t\t<div class=\"elementor-element elementor-element-9545313 e-flex e-con-boxed e-con e-parent\" data-id=\"9545313\" data-element_type=\"container\">\n\t\t\t\t\t<div class=\"e-con-inner\">\n\t\t\t\t<div class=\"elementor-element elementor-element-714183a elementor-widget elementor-widget-html\" data-id=\"714183a\" data-element_type=\"widget\" data-widget_type=\"html.default\">\n\t\t\t\t<div class=\"elementor-widget-container\">\n\t\t\t\t\t<!DOCTYPE html><html lang=\"fr\">\r\n<head>\r\n  <meta charset=\"UTF-8\">\r\n  <meta name=\"viewport\" content=\"width=device-width, initial-scale=1.0\">\r\n  <title>Actualit\u00e9s - Fondation Cewoba Guineo-russe<\/title>\r\n  <style>\r\n    body { margin: 0; font-family: 'Segoe UI', sans-serif; background: #fff; color: #333; }\r\n    .section { max-width: 1100px; margin: auto; padding: 60px 20px; }\r\n    h1, h2 { text-align: center; color: #e91e63; }\r\n    .news-grid { display: grid; grid-template-columns: repeat(auto-fit, minmax(300px, 1fr)); gap: 30px; margin-top: 40px; }\r\n    .news-card { background: #f9f9f9; border-radius: 8px; box-shadow: 0 2px 5px rgba(0,0,0,0.05); overflow: hidden; transition: 0.3s; }\r\n    .news-card:hover { transform: translateY(-5px); }\r\n    .news-card img { width: 100%; height: 200px; object-fit: cover; }\r\n    .news-content { padding: 20px; }\r\n    .news-content h3 { margin-top: 0; color: #2196F3; }\r\n    .news-content p { font-size: 15px; color: #555; }\r\n    .btn { display: inline-block; margin-top: 10px; color: #fff; background: #e91e63; padding: 10px 20px; text-decoration: none; border-radius: 5px; cursor: pointer; }\r\n    .full-text { display: none; margin-top: 15px; font-size: 14px; line-height: 1.6; }\r\n  <\/style>\r\n  <script>\r\n    function toggleText(id, btn) {\r\n      var content = document.getElementById(id);\r\n      if (content.style.display === \"none\") {\r\n        content.style.display = \"block\";\r\n        btn.innerText = \"R\u00e9duire\";\r\n      } else {\r\n        content.style.display = \"none\";\r\n        btn.innerText = \"Lire plus\";\r\n      }\r\n    }\r\n  <\/script>\r\n<\/head>\r\n<body>\r\n  <div class=\"section\">\r\n    <h1>\u041d\u043e\u0432\u043e\u0441\u0442\u0438 \u0444\u043e\u043d\u0434\u0430<\/h1>\r\n    <p style=\"text-align: center; max-width: 800px; margin: auto;\">\r\n      \u0417\u0434\u0435\u0441\u044c \u0432\u044b \u043d\u0430\u0439\u0434\u0451\u0442\u0435 \u043f\u043e\u0441\u043b\u0435\u0434\u043d\u0438\u0435 \u043d\u043e\u0432\u043e\u0441\u0442\u0438, \u043e\u0431\u044a\u044f\u0432\u043b\u0435\u043d\u0438\u044f, \u0441\u043e\u0431\u044b\u0442\u0438\u044f \u0438 \u043f\u0443\u0431\u043b\u0438\u043a\u0430\u0446\u0438\u0438 \u0413\u0432\u0438\u043d\u0435\u0439\u0441\u043a\u043e-\u0420\u043e\u0441\u0441\u0438\u0439\u0441\u043a\u043e\u0433\u043e \u0444\u043e\u043d\u0434\u0430 Cewoba. \u042d\u0442\u0430 \u0441\u0442\u0440\u0430\u043d\u0438\u0446\u0430 \u043e\u0431\u043d\u043e\u0432\u043b\u044f\u0435\u0442\u0441\u044f \u0440\u0435\u0433\u0443\u043b\u044f\u0440\u043d\u043e.\r\n    <\/p>\r\n\r\n    <div class=\"news-grid\">\r\n\r\n      <!-- ACTUALIT\u00c9 1 : REMISE D\u2019ATTESTATIONS -->\r\n      <div class=\"news-card\">\r\n        <img decoding=\"async\" src=\"https:\/\/fonda-cewoba.com\/wp-content\/uploads\/2025\/05\/IMG_5680-scaled-e1748258813320.jpeg\" alt=\"C\u00e9r\u00e9monie\">\r\n        <div class=\"news-content\">\r\n          <h3>\u0412\u0440\u0443\u0447\u0435\u043d\u0438\u0435 \u0441\u0432\u0438\u0434\u0435\u0442\u0435\u043b\u044c\u0441\u0442\u0432 \u2014 \u0441\u0435\u0441\u0441\u0438\u044f 2024 \u0433\u043e\u0434\u0430<\/h3>\r\n          <p>\u041e\u0444\u0438\u0446\u0438\u0430\u043b\u044c\u043d\u043e\u0435 \u0437\u0430\u043a\u0440\u044b\u0442\u0438\u0435 \u043f\u0440\u043e\u0435\u043a\u0442\u0430 Students' Helper \u0441 \u0443\u0447\u0430\u0441\u0442\u0438\u0435\u043c 140 \u043c\u043e\u043b\u043e\u0434\u044b\u0445 \u0431\u0435\u043d\u0435\u0444\u0438\u0446\u0438\u0430\u0440\u043e\u0432 \u0432 \u041d\u2019\u0417\u0435\u0440\u0435\u043a\u043e\u0440\u0435.<\/p>\r\n          <button class=\"btn\" onclick=\"toggleText('text1', this)\">\u0427\u0438\u0442\u0430\u0442\u044c \u0434\u0430\u043b\u044c\u0448\u0435<\/button>\r\n          <div class=\"full-text\" id=\"text1\">\r\n            <p>\r\n              16 \u043d\u043e\u044f\u0431\u0440\u044f 2024 \u0433\u043e\u0434\u0430 \u0424\u043e\u043d\u0434 CEWOBA \u043e\u0440\u0433\u0430\u043d\u0438\u0437\u043e\u0432\u0430\u043b \u0446\u0435\u0440\u0435\u043c\u043e\u043d\u0438\u044e \u0432\u0440\u0443\u0447\u0435\u043d\u0438\u044f \u0441\u0432\u0438\u0434\u0435\u0442\u0435\u043b\u044c\u0441\u0442\u0432 \u043d\u0430 \u0442\u0435\u0440\u0440\u0438\u0442\u043e\u0440\u0438\u0438 \u0443\u0447\u0435\u0431\u043d\u043e\u0433\u043e \u043a\u043e\u043c\u043f\u043b\u0435\u043a\u0441\u0430 Keletigui Cond\u00e9. \u0411\u044b\u043b\u0438 \u043e\u0442\u043c\u0435\u0447\u0435\u043d\u044b \u0431\u043e\u043b\u0435\u0435 140 \u043c\u043e\u043b\u043e\u0434\u044b\u0445 \u043b\u044e\u0434\u0435\u0439, \u043f\u0440\u043e\u0448\u0435\u0434\u0448\u0438\u0445 \u043e\u0431\u0443\u0447\u0435\u043d\u0438\u0435 \u0432\u043e \u0432\u0440\u0435\u043c\u044f \u043a\u0430\u043d\u0438\u043a\u0443\u043b. \u041f\u0440\u043e\u0433\u0440\u0430\u043c\u043c\u0430 \u043e\u0431\u0443\u0447\u0435\u043d\u0438\u044f \u0432\u043a\u043b\u044e\u0447\u0430\u043b\u0430 \u043f\u0440\u0430\u043a\u0442\u0438\u0447\u0435\u0441\u043a\u0438\u0435 \u043c\u043e\u0434\u0443\u043b\u0438 \u043f\u043e \u0438\u043d\u0444\u043e\u0440\u043c\u0430\u0442\u0438\u043a\u0435 \u0438 \u0430\u043d\u0433\u043b\u0438\u0439\u0441\u043a\u043e\u043c\u0443 \u044f\u0437\u044b\u043a\u0443.\r\n            <\/p>\r\n            <p>\r\n              \u041c\u0435\u0440\u043e\u043f\u0440\u0438\u044f\u0442\u0438\u0435 \u0441\u043e\u0431\u0440\u0430\u043b\u043e \u0443\u0447\u0430\u0449\u0438\u0445\u0441\u044f, \u043f\u0440\u0435\u043f\u043e\u0434\u0430\u0432\u0430\u0442\u0435\u043b\u0435\u0439, \u0440\u043e\u0434\u0438\u0442\u0435\u043b\u0435\u0439, \u043c\u0435\u0441\u0442\u043d\u044b\u0445 \u043f\u0430\u0440\u0442\u043d\u0451\u0440\u043e\u0432 \u0438 \u043f\u0440\u0435\u0434\u0441\u0442\u0430\u0432\u0438\u0442\u0435\u043b\u0435\u0439 \u043e\u0431\u0440\u0430\u0437\u043e\u0432\u0430\u0442\u0435\u043b\u044c\u043d\u044b\u0445 \u0432\u043b\u0430\u0441\u0442\u0435\u0439. \u0426\u0435\u043b\u044c \u043f\u0440\u043e\u0433\u0440\u0430\u043c\u043c\u044b \u00abStudents\u2019 Helper\u00bb  \u0443\u043a\u0440\u0435\u043f\u043b\u0435\u043d\u0438\u0435 \u0446\u0438\u0444\u0440\u043e\u0432\u044b\u0445 \u0438 \u044f\u0437\u044b\u043a\u043e\u0432\u044b\u0445 \u043d\u0430\u0432\u044b\u043a\u043e\u0432 \u043c\u043e\u043b\u043e\u0434\u0451\u0436\u0438 \u0432 \u0441\u0435\u043b\u044c\u0441\u043a\u043e\u0439 \u043c\u0435\u0441\u0442\u043d\u043e\u0441\u0442\u0438.\r\n            <\/p>\r\n            <p>\r\n              \u042d\u0442\u0430 \u0446\u0435\u0440\u0435\u043c\u043e\u043d\u0438\u044f \u0441\u0442\u0430\u043b\u0430 \u043e\u0444\u0438\u0446\u0438\u0430\u043b\u044c\u043d\u044b\u043c \u043f\u0440\u0438\u0437\u043d\u0430\u043d\u0438\u0435\u043c \u0443\u0441\u0438\u043b\u0438\u0439 \u0444\u043e\u043d\u0434\u0430 \u0432 \u0441\u0444\u0435\u0440\u0435 \u043e\u0431\u0440\u0430\u0437\u043e\u0432\u0430\u043d\u0438\u044f \u0438 \u043f\u043e\u0434\u0434\u0435\u0440\u0436\u043a\u0438 \u043c\u043e\u043b\u043e\u0434\u0451\u0436\u0438. \u041f\u0440\u043e\u0434\u043e\u043b\u0436\u0435\u043d\u0438\u0435 \u043f\u0440\u043e\u0435\u043a\u0442\u0430 \u0437\u0430\u043f\u043b\u0430\u043d\u0438\u0440\u043e\u0432\u0430\u043d\u043e \u043d\u0430 2025 \u0433\u043e\u0434 \u0434\u043b\u044f \u0443\u0441\u0438\u043b\u0435\u043d\u0438\u044f \u0435\u0433\u043e \u043f\u043e\u043b\u043e\u0436\u0438\u0442\u0435\u043b\u044c\u043d\u043e\u0433\u043e \u044d\u0444\u0444\u0435\u043a\u0442\u0430.\r\n            <\/p>\r\n          <\/div>\r\n        <\/div>\r\n      <\/div>\r\n\r\n      <!-- ACTUALIT\u00c9 2 : FORMATION EN INFORMATIQUE -->\r\n      <div class=\"news-card\">\r\n        <img decoding=\"async\" src=\"https:\/\/fonda-cewoba.com\/wp-content\/uploads\/2025\/05\/IMG_20230711_094928_47.jpg\" alt=\"Formation\">\r\n        <div class=\"news-content\">\r\n          <h3>\u0422\u0440\u0435\u043d\u0438\u043d\u0433\u043e\u0432\u044b\u0439 \u0441\u0435\u043c\u0438\u043d\u0430\u0440 \u043f\u043e \u0438\u043d\u0444\u043e\u0440\u043c\u0430\u0442\u0438\u043a\u0435<\/h3>\r\n          <p>\u0418\u043d\u0442\u0435\u043d\u0441\u0438\u0432\u043d\u044b\u0439 \u043a\u0443\u0440\u0441 \u0434\u043b\u044f \u043e\u0437\u043d\u0430\u043a\u043e\u043c\u043b\u0435\u043d\u0438\u044f \u043c\u043e\u043b\u043e\u0434\u0451\u0436\u0438 \u0441 \u043e\u0444\u0438\u0441\u043d\u044b\u043c\u0438 \u043f\u0440\u043e\u0433\u0440\u0430\u043c\u043c\u0430\u043c\u0438 \u0438 \u0446\u0438\u0444\u0440\u043e\u0432\u044b\u043c\u0438 \u0438\u043d\u0441\u0442\u0440\u0443\u043c\u0435\u043d\u0442\u0430\u043c\u0438.<\/p>\r\n          <button class=\"btn\" onclick=\"toggleText('text2', this)\">\u0427\u0438\u0442\u0430\u0442\u044c \u0434\u0430\u043b\u044c\u0448\u0435<\/button>\r\n          <div class=\"full-text\" id=\"text2\">\r\n            <p>\r\n              \u0412\u043e \u0432\u0440\u0435\u043c\u044f \u043b\u0435\u0442\u043d\u0438\u0445 \u043a\u0430\u043d\u0438\u043a\u0443\u043b 2024 \u0433\u043e\u0434\u0430 \u0424\u043e\u043d\u0434 CEWOBA \u043e\u0440\u0433\u0430\u043d\u0438\u0437\u043e\u0432\u0430\u043b \u0431\u0435\u0441\u043f\u043b\u0430\u0442\u043d\u043e\u0435 \u043e\u0431\u0443\u0447\u0435\u043d\u0438\u0435 \u043f\u043e \u0438\u043d\u0444\u043e\u0440\u043c\u0430\u0442\u0438\u043a\u0435 \u0432 \u041d\u2019\u0417\u0435\u0440\u0435\u043a\u043e\u0440\u0435. \u041e\u0431\u0443\u0447\u0435\u043d\u0438\u0435 \u0431\u044b\u043b\u043e \u043e\u0440\u0438\u0435\u043d\u0442\u0438\u0440\u043e\u0432\u0430\u043d\u043e \u043d\u0430 \u0448\u043a\u043e\u043b\u044c\u043d\u0438\u043a\u043e\u0432 \u0438 \u0441\u0442\u0443\u0434\u0435\u043d\u0442\u043e\u0432 \u0438\u0437 \u041b\u0435\u0441\u043d\u043e\u0433\u043e \u0440\u0435\u0433\u0438\u043e\u043d\u0430, \u0441 \u0443\u043f\u043e\u0440\u043e\u043c \u043d\u0430 \u0440\u0430\u0431\u043e\u0442\u0443 \u0441 \u043f\u0440\u043e\u0433\u0440\u0430\u043c\u043c\u0430\u043c\u0438 Word, Excel, PowerPoint \u0438 \u043e\u0441\u043d\u043e\u0432\u044b \u0438\u0441\u043f\u043e\u043b\u044c\u0437\u043e\u0432\u0430\u043d\u0438\u044f \u0418\u043d\u0442\u0435\u0440\u043d\u0435\u0442\u0430.\r\n            <\/p>\r\n            <p>\r\n              \u041c\u043e\u043b\u043e\u0434\u0451\u0436\u044c \u043f\u043e\u043b\u0443\u0447\u0438\u043b\u0430 \u043a\u0430\u0447\u0435\u0441\u0442\u0432\u0435\u043d\u043d\u043e\u0435 \u043e\u0431\u0443\u0447\u0435\u043d\u0438\u0435 \u0441 \u043f\u0440\u0430\u043a\u0442\u0438\u0447\u0435\u0441\u043a\u0438\u043c\u0438 \u0443\u043f\u0440\u0430\u0436\u043d\u0435\u043d\u0438\u044f\u043c\u0438, \u0441\u0438\u043c\u0443\u043b\u044f\u0446\u0438\u044f\u043c\u0438 \u0438 \u0438\u043d\u0442\u0435\u0440\u0430\u043a\u0442\u0438\u0432\u043d\u044b\u043c\u0438 \u0437\u0430\u043d\u044f\u0442\u0438\u044f\u043c\u0438. \u0426\u0435\u043b\u044c \u0441\u043e\u043a\u0440\u0430\u0442\u0438\u0442\u044c \u0446\u0438\u0444\u0440\u043e\u0432\u043e\u0435 \u043d\u0435\u0440\u0430\u0432\u0435\u043d\u0441\u0442\u0432\u043e \u0432 \u0441\u0435\u043b\u044c\u0441\u043a\u0438\u0445 \u0440\u0430\u0439\u043e\u043d\u0430\u0445.\r\n            <\/p>\r\n            <p>\r\n              \u0411\u043b\u0430\u0433\u043e\u0434\u0430\u0440\u044f \u044d\u0442\u043e\u043c\u0443 \u043e\u0431\u0443\u0447\u0435\u043d\u0438\u044e \u043c\u043d\u043e\u0433\u0438\u0435 \u0443\u0447\u0430\u0441\u0442\u043d\u0438\u043a\u0438 \u043e\u0442\u043c\u0435\u0442\u0438\u043b\u0438 \u0440\u043e\u0441\u0442 \u0443\u0432\u0435\u0440\u0435\u043d\u043d\u043e\u0441\u0442\u0438 \u0432 \u0441\u0435\u0431\u0435 \u0438 \u043f\u043e\u044f\u0432\u043b\u0435\u043d\u0438\u0435 \u043d\u043e\u0432\u044b\u0445 \u043f\u0435\u0440\u0441\u043f\u0435\u043a\u0442\u0438\u0432 \u0434\u043b\u044f \u0443\u0447\u0451\u0431\u044b \u0438 \u043f\u0440\u043e\u0444\u0435\u0441\u0441\u0438\u043e\u043d\u0430\u043b\u044c\u043d\u043e\u0433\u043e \u0440\u0430\u0437\u0432\u0438\u0442\u0438\u044f\r\n            <\/p>\r\n          <\/div>\r\n        <\/div>\r\n      <\/div>\r\n\r\n      <!-- ACTUALIT\u00c9 3 : DISTRIBUTION DE KITS -->\r\n      <div class=\"news-card\">\r\n        <img decoding=\"async\" src=\"https:\/\/fonda-cewoba.com\/wp-content\/uploads\/2025\/05\/IMG_5656.jpeg\" alt=\"Distribution\">\r\n        <div class=\"news-content\">\r\n          <h3>\u0420\u0430\u0437\u0434\u0430\u0447\u0430 \u0448\u043a\u043e\u043b\u044c\u043d\u044b\u0445 \u043d\u0430\u0431\u043e\u0440\u043e\u0432<\/h3>\r\n          <p>\u041a\u0430\u043c\u043f\u0430\u043d\u0438\u044f \u0441\u043e\u043b\u0438\u0434\u0430\u0440\u043d\u043e\u0441\u0442\u0438, \u043f\u0440\u043e\u0432\u0435\u0434\u0451\u043d\u043d\u0430\u044f \u0432 \u043a\u0432\u0430\u0440\u0442\u0430\u043b\u0430\u0445 \u041d\u2019\u0417\u0435\u0440\u0435\u043a\u043e\u0440\u0435 \u0432 \u0441\u0435\u043d\u0442\u044f\u0431\u0440\u0435 2024 \u0433\u043e\u0434\u0430.<\/p>\r\n          <button class=\"btn\" onclick=\"toggleText('text3', this)\">\u0427\u0438\u0442\u0430\u0442\u044c \u0434\u0430\u043b\u044c\u0448\u0435<\/button>\r\n          <div class=\"full-text\" id=\"text3\">\r\n            <p>\r\n              \u041d\u0430\u043a\u0430\u043d\u0443\u043d\u0435 \u043d\u0430\u0447\u0430\u043b\u0430 \u0443\u0447\u0435\u0431\u043d\u043e\u0433\u043e \u0433\u043e\u0434\u0430 2024\u20132025 \u0424\u043e\u043d\u0434 CEWOBA \u043e\u0441\u0443\u0449\u0435\u0441\u0442\u0432\u0438\u043b \u0440\u0430\u0441\u043f\u0440\u0435\u0434\u0435\u043b\u0435\u043d\u0438\u0435 \u0431\u043e\u043b\u0435\u0435 200 \u0448\u043a\u043e\u043b\u044c\u043d\u044b\u0445 \u043d\u0430\u0431\u043e\u0440\u043e\u0432 \u0434\u0435\u0442\u044f\u043c \u0438\u0437 \u0443\u044f\u0437\u0432\u0438\u043c\u044b\u0445 \u0441\u0435\u043c\u0435\u0439. \u042d\u0442\u0430 \u0430\u043a\u0446\u0438\u044f \u044f\u0432\u043b\u044f\u0435\u0442\u0441\u044f \u0447\u0430\u0441\u0442\u044c\u044e \u0435\u0436\u0435\u0433\u043e\u0434\u043d\u043e\u0439 \u0433\u0443\u043c\u0430\u043d\u0438\u0442\u0430\u0440\u043d\u043e\u0439 \u043f\u0440\u043e\u0433\u0440\u0430\u043c\u043c\u044b \u0444\u043e\u043d\u0434\u0430.\r\n            <\/p>\r\n            <p>\r\n              \u041f\u043e\u043b\u0443\u0447\u0430\u0442\u0435\u043b\u0438 \u043f\u043e\u043b\u0443\u0447\u0438\u043b\u0438 \u0442\u0435\u0442\u0440\u0430\u0434\u0438, \u0440\u0443\u0447\u043a\u0438, \u0440\u044e\u043a\u0437\u0430\u043a\u0438 \u0438 \u0440\u0430\u0437\u043b\u0438\u0447\u043d\u044b\u0435 \u043a\u0430\u043d\u0446\u0435\u043b\u044f\u0440\u0441\u043a\u0438\u0435 \u043f\u0440\u0438\u043d\u0430\u0434\u043b\u0435\u0436\u043d\u043e\u0441\u0442\u0438, \u0447\u0442\u043e\u0431\u044b \u043d\u0430\u0447\u0430\u0442\u044c \u0443\u0447\u0435\u0431\u043d\u044b\u0439 \u0433\u043e\u0434 \u0432 \u0445\u043e\u0440\u043e\u0448\u0438\u0445 \u0443\u0441\u043b\u043e\u0432\u0438\u044f\u0445. \u0420\u043e\u0434\u0438\u0442\u0435\u043b\u044f\u043c \u0442\u0430\u043a\u0436\u0435 \u0431\u044b\u043b\u0438 \u043f\u0435\u0440\u0435\u0434\u0430\u043d\u044b \u0438\u043d\u0444\u043e\u0440\u043c\u0430\u0446\u0438\u043e\u043d\u043d\u044b\u0435 \u0441\u043e\u043e\u0431\u0449\u0435\u043d\u0438\u044f \u043e \u0432\u0430\u0436\u043d\u043e\u0441\u0442\u0438 \u043e\u0431\u0440\u0430\u0437\u043e\u0432\u0430\u043d\u0438\u044f \u0438 \u0437\u0430\u0449\u0438\u0442\u044b \u0434\u0435\u0442\u0435\u0439.\r\n            <\/p>\r\n            <p>\r\n              \u042d\u0442\u0430 \u0438\u043d\u0438\u0446\u0438\u0430\u0442\u0438\u0432\u0430 \u043d\u0430\u043f\u0440\u0430\u0432\u043b\u0435\u043d\u0430 \u043d\u0430 \u043f\u043e\u043e\u0449\u0440\u0435\u043d\u0438\u0435 \u0448\u043a\u043e\u043b\u044c\u043d\u043e\u0433\u043e \u043e\u0431\u0440\u0430\u0437\u043e\u0432\u0430\u043d\u0438\u044f \u0434\u0435\u0442\u0435\u0439 \u0432 \u0441\u0430\u043c\u044b\u0445 \u043d\u0435\u0431\u043b\u0430\u0433\u043e\u043f\u043e\u043b\u0443\u0447\u043d\u044b\u0445 \u0440\u0430\u0439\u043e\u043d\u0430\u0445 \u0438 \u043d\u0430 \u043f\u0440\u043e\u0434\u0432\u0438\u0436\u0435\u043d\u0438\u0435 \u0440\u0430\u0432\u043d\u044b\u0445 \u0432\u043e\u0437\u043c\u043e\u0436\u043d\u043e\u0441\u0442\u0435\u0439 \u0432 \u0448\u043a\u043e\u043b\u0435.\r\n            <\/p>\r\n          <\/div>\r\n        <\/div>\r\n      <\/div>\r\n\r\n    <\/div>\r\n  <\/div>\r\n<\/body>\r\n<\/html>\r\n\t\t\t\t<\/div>\n\t\t\t\t<\/div>\n\t\t\t\t\t<\/div>\n\t\t\t\t<\/div>\n\t\t\t\t<\/div>","protected":false},"excerpt":{"rendered":"<p>Actualit\u00e9s &#8211; Fondation Cewoba Guineo-russe Actualit\u00e9s de la fondation Retrouvez ici les derni\u00e8res nouvelles, annonces, \u00e9v\u00e9nements et publications de la [&hellip;]<\/p>","protected":false},"author":1,"featured_media":0,"parent":0,"menu_order":0,"comment_status":"closed","ping_status":"closed","template":"","meta":{"site-sidebar-layout":"no-sidebar","site-content-layout":"","ast-site-content-layout":"full-width-container","site-content-style":"default","site-sidebar-style":"default","ast-global-header-display":"","ast-banner-title-visibility":"","ast-main-header-display":"","ast-hfb-above-header-display":"","ast-hfb-below-header-display":"","ast-hfb-mobile-header-display":"","site-post-title":"disabled","ast-breadcrumbs-content":"","ast-featured-img":"disabled","footer-sml-layout":"","theme-transparent-header-meta":"","adv-header-id-meta":"","stick-header-meta":"","header-above-stick-meta":"","header-main-stick-meta":"","header-below-stick-meta":"","astra-migrate-meta-layouts":"default","ast-page-background-enabled":"default","ast-page-background-meta":{"desktop":{"background-color":"var(--ast-global-color-5)","background-image":"","background-repeat":"repeat","background-position":"center center","background-size":"auto","background-attachment":"scroll","background-type":"","background-media":"","overlay-type":"","overlay-color":"","overlay-opacity":"","overlay-gradient":""},"tablet":{"background-color":"","background-image":"","background-repeat":"repeat","background-position":"center center","background-size":"auto","background-attachment":"scroll","background-type":"","background-media":"","overlay-type":"","overlay-color":"","overlay-opacity":"","overlay-gradient":""},"mobile":{"background-color":"","background-image":"","background-repeat":"repeat","background-position":"center center","background-size":"auto","background-attachment":"scroll","background-type":"","background-media":"","overlay-type":"","overlay-color":"","overlay-opacity":"","overlay-gradient":""}},"ast-content-background-meta":{"desktop":{"background-color":"var(--ast-global-color-4)","background-image":"","background-repeat":"repeat","background-position":"center center","background-size":"auto","background-attachment":"scroll","background-type":"","background-media":"","overlay-type":"","overlay-color":"","overlay-opacity":"","overlay-gradient":""},"tablet":{"background-color":"var(--ast-global-color-4)","background-image":"","background-repeat":"repeat","background-position":"center center","background-size":"auto","background-attachment":"scroll","background-type":"","background-media":"","overlay-type":"","overlay-color":"","overlay-opacity":"","overlay-gradient":""},"mobile":{"background-color":"var(--ast-global-color-4)","background-image":"","background-repeat":"repeat","background-position":"center center","background-size":"auto","background-attachment":"scroll","background-type":"","background-media":"","overlay-type":"","overlay-color":"","overlay-opacity":"","overlay-gradient":""}},"footnotes":""},"class_list":["post-16","page","type-page","status-publish","hentry"],"_links":{"self":[{"href":"https:\/\/fonda-cewoba.com\/ru\/wp-json\/wp\/v2\/pages\/16","targetHints":{"allow":["GET"]}}],"collection":[{"href":"https:\/\/fonda-cewoba.com\/ru\/wp-json\/wp\/v2\/pages"}],"about":[{"href":"https:\/\/fonda-cewoba.com\/ru\/wp-json\/wp\/v2\/types\/page"}],"author":[{"embeddable":true,"href":"https:\/\/fonda-cewoba.com\/ru\/wp-json\/wp\/v2\/users\/1"}],"replies":[{"embeddable":true,"href":"https:\/\/fonda-cewoba.com\/ru\/wp-json\/wp\/v2\/comments?post=16"}],"version-history":[{"count":0,"href":"https:\/\/fonda-cewoba.com\/ru\/wp-json\/wp\/v2\/pages\/16\/revisions"}],"wp:attachment":[{"href":"https:\/\/fonda-cewoba.com\/ru\/wp-json\/wp\/v2\/media?parent=16"}],"curies":[{"name":"wp","href":"https:\/\/api.w.org\/{rel}","templated":true}]}}